{"id":5936,"date":"2024-09-08T07:37:01","date_gmt":"2024-09-08T07:37:01","guid":{"rendered":"https:\/\/www.efiriyad.com\/?page_id=5936"},"modified":"2026-04-13T10:13:29","modified_gmt":"2026-04-13T10:13:29","slug":"le-mot-du-proviseur","status":"publish","type":"page","link":"https:\/\/www.efiriyad.com\/en\/le-mot-du-proviseur\/","title":{"rendered":"Principal&#039;s word"},"content":{"rendered":"<div data-elementor-type=\"wp-page\" data-elementor-id=\"5936\" class=\"elementor elementor-5936\" data-elementor-post-type=\"page\">\n\t\t\t\t<div class=\"elementor-element elementor-element-b3b4d6a e-flex e-con-boxed e-con e-parent\" data-id=\"b3b4d6a\" data-element_type=\"container\" data-e-type=\"container\">\n\t\t\t\t\t<div class=\"e-con-inner\">\n\t\t<div class=\"elementor-element elementor-element-05ff4eb e-con-full e-flex e-con e-child\" data-id=\"05ff4eb\" data-element_type=\"container\" data-e-type=\"container\">\n\t\t\t\t<div class=\"elementor-element elementor-element-f480c98 elementor-widget elementor-widget-image\" data-id=\"f480c98\" data-element_type=\"widget\" data-e-type=\"widget\" data-widget_type=\"image.default\">\n\t\t\t\t\t\t\t\t\t\t\t\t\t\t\t<img fetchpriority=\"high\" decoding=\"async\" width=\"576\" height=\"1024\" src=\"https:\/\/www.efiriyad.com\/wp-content\/uploads\/2024\/09\/93B40227-15AA-4A26-92B1-E190564B61C1-576x1024.jpeg\" class=\"attachment-large size-large wp-image-5732\" alt=\"\" srcset=\"https:\/\/www.efiriyad.com\/wp-content\/uploads\/2024\/09\/93B40227-15AA-4A26-92B1-E190564B61C1-576x1024.jpeg 576w, https:\/\/www.efiriyad.com\/wp-content\/uploads\/2024\/09\/93B40227-15AA-4A26-92B1-E190564B61C1-169x300.jpeg 169w, https:\/\/www.efiriyad.com\/wp-content\/uploads\/2024\/09\/93B40227-15AA-4A26-92B1-E190564B61C1-768x1365.jpeg 768w, https:\/\/www.efiriyad.com\/wp-content\/uploads\/2024\/09\/93B40227-15AA-4A26-92B1-E190564B61C1-864x1536.jpeg 864w, https:\/\/www.efiriyad.com\/wp-content\/uploads\/2024\/09\/93B40227-15AA-4A26-92B1-E190564B61C1-1152x2048.jpeg 1152w, https:\/\/www.efiriyad.com\/wp-content\/uploads\/2024\/09\/93B40227-15AA-4A26-92B1-E190564B61C1-7x12.jpeg 7w, https:\/\/www.efiriyad.com\/wp-content\/uploads\/2024\/09\/93B40227-15AA-4A26-92B1-E190564B61C1.jpeg 1290w\" sizes=\"(max-width: 576px) 100vw, 576px\" \/>\t\t\t\t\t\t\t\t\t\t\t\t\t\t\t<\/div>\n\t\t\t\t<div class=\"elementor-element elementor-element-04861ea elementor-widget elementor-widget-text-editor\" data-id=\"04861ea\" data-element_type=\"widget\" data-e-type=\"widget\" data-widget_type=\"text-editor.default\">\n\t\t\t\t\t\t\t\t\t<p>The French education system is a demanding and comprehensive system that is sometimes misunderstood by parents. Yet the objectives of this system are simple and can be broken down into four themes.<\/p><p>\u2013 <strong>Academic excellence<\/strong>, whose mission is to develop critical thinking, the acquisition of working methods and solid skills.<\/p><p>\u2013 <strong>Equality and access to knowledge<\/strong>, by ensuring the transmission of knowledge to everyone,<\/p><p>\u2013 <strong>Guidance and integration<\/strong> by supporting students throughout their academic journey\u00a0<\/p><p>\u2013<strong> Citizen education<\/strong>, This objective is one of the fundamental pillars of the system, which aims to educate respectful, informed, and responsible citizens.<\/p><p>Within our institution, which is accredited by the French Ministry of Education, we naturally pursue these objectives, with particular emphasis on certain aspects: mastery of the French language, multilingualism, the personal development of each child, and individualized support for every student.\u00a0<\/p><p>We are committed to supporting every student towards success, regardless of their background or origin. We pay particular attention to the reception and integration of non-French-speaking students (allophones), through tailored programs that allow them to progress quickly and thrive in their schooling.<\/p><p>This demanding teaching approach and individualized support translate into excellent results, with a baccalaureate pass rate of 99%, of which we are particularly proud, but also further studies at prestigious universities, both French and foreign.<\/p><p>Furthermore, aware of the current situation in Riyadh, the safety of students and staff is the top priority.<\/p><p>As part of its Specific Security Plan, the institution is equipped to respond to all threats, whether external or internal. To this end, training is a key element of security; therefore, we have a dedicated team, trained and permanently mobilized, comprised of a security service, staff, and also students well-versed in the various protocols in place and regularly tested through drills to guarantee optimal responsiveness in all circumstances.<\/p><p>Everything is in place to ensure that children&#039;s schooling takes place in the best learning and safety conditions, for optimal personal development.<\/p><h2><span style=\"font-size: small;\">The Headmaster\u00a0<\/span><\/h2><div><span style=\"font-size: small;\"><b>Arnaud Regnier<\/b><\/span><\/div><p data-start=\"0\" data-end=\"186\">\u00a0<\/p><p data-start=\"0\" data-end=\"186\">\u00a0<\/p><p data-start=\"0\" data-end=\"186\">The French education system is a demanding and comprehensive system that is sometimes misunderstood by parents. However, its objectives are simple and can be outlined in four main areas:<\/p><p><strong data-start=\"190\" data-end=\"213\">\u2013 Academic excellence<\/strong>, whose mission is to develop critical thinking, the acquisition of effective work methods, and strong skills.<\/p><p><strong data-start=\"327\" data-end=\"363\">-Equality and access to knowledge<\/strong>, by ensuring the transmission of knowledge to all students.<\/p><p><strong data-start=\"427\" data-end=\"455\">-Guidance and integration<\/strong>, by supporting students throughout their academic journey.<\/p><p><strong data-start=\"518\" data-end=\"543\">-Citizenship education<\/strong>, a fundamental pillar of the system aimed at forming respectful, informed, and responsible citizens.<\/p><p data-start=\"646\" data-end=\"916\">Within our institution, accredited by the French Ministry of Education, we fully adhere to these objectives, with particular emphasis on certain aspects: mastery of the French language, multilingualism, the personal development of each child, and individualized support.<\/p><p data-start=\"918\" data-end=\"1217\">We are committed to supporting every student toward success, regardless of their background or origin. We pay special attention to welcoming and integrating non-French-speaking students (allophones), through tailored programs that enable them to progress quickly and thrive fully in their schooling.<\/p><p data-start=\"1219\" data-end=\"1467\">This academic rigor and individualized support are reflected in excellent results, with a 99% success rate in the baccalaureate, of which we are particularly proud, as well as continued studies at prestigious universities, both in France and abroad.<\/p><p data-start=\"1469\" data-end=\"1572\">Furthermore, given the current context in Riyadh, the safety of students and staff is our top priority.<\/p><p data-start=\"1574\" data-end=\"2113\">As part of its School Safety and Emergency Plan (Plan Particulier de Mise en S\u00fbret\u00e9), the institution is equipped to respond to all types of threats, whether external or internal. Training is a key component of our safety strategy, which is why we have a dedicated, well-trained, and constantly mobilized team. This team includes security personnel, staff members, and even students who are thoroughly familiar with the established protocols, which are regularly tested through drills to ensure optimal responsiveness in all circumstances.<\/p><p data-start=\"2115\" data-end=\"2294\">Everything is put in place to ensure that students&#039; schooling takes place under the best possible conditions for learning and safety, allowing for their full personal development.<\/p><p data-start=\"2296\" data-end=\"2330\" data-is-last-node=\"\" data-is-only-node=\"\"><strong data-start=\"2296\" data-end=\"2313\">The Principal<\/strong><br data-start=\"2313\" data-end=\"2316\" \/>Arnaud Regnier<\/p>\t\t\t\t\t\t\t\t<\/div>\n\t\t\t\t<\/div>\n\t\t<div class=\"elementor-element elementor-element-aa971a3 e-con-full e-flex e-con e-child\" data-id=\"aa971a3\" data-element_type=\"container\" data-e-type=\"container\">\n\t\t\t\t<\/div>\n\t\t\t\t\t<\/div>\n\t\t\t\t<\/div>\n\t\t\t\t<\/div>","protected":false},"excerpt":{"rendered":"<p>Le syst\u00e8me \u00e9ducatif fran\u00e7ais est un syst\u00e8me exigeant et complet qui est parfois incompris par les parents. Pourtant les objectifs de ce syst\u00e8me sont simples et peuvent se d\u00e9cliner en 4 th\u00e9matiques. &#8211; L&rsquo;excellence acad\u00e9mique, qui a pour mission de d\u00e9velopper le sens critique, l&rsquo;acquisition de m\u00e9thodes de travail\u00a0et de comp\u00e9tences solides. &#8211; L&rsquo;\u00e9galit\u00e9 et [&hellip;]<\/p>","protected":false},"author":3,"featured_media":0,"parent":0,"menu_order":0,"comment_status":"closed","ping_status":"closed","template":"","meta":{"footnotes":""},"class_list":["post-5936","page","type-page","status-publish","hentry"],"_links":{"self":[{"href":"https:\/\/www.efiriyad.com\/en\/wp-json\/wp\/v2\/pages\/5936","targetHints":{"allow":["GET"]}}],"collection":[{"href":"https:\/\/www.efiriyad.com\/en\/wp-json\/wp\/v2\/pages"}],"about":[{"href":"https:\/\/www.efiriyad.com\/en\/wp-json\/wp\/v2\/types\/page"}],"author":[{"embeddable":true,"href":"https:\/\/www.efiriyad.com\/en\/wp-json\/wp\/v2\/users\/3"}],"replies":[{"embeddable":true,"href":"https:\/\/www.efiriyad.com\/en\/wp-json\/wp\/v2\/comments?post=5936"}],"version-history":[{"count":3,"href":"https:\/\/www.efiriyad.com\/en\/wp-json\/wp\/v2\/pages\/5936\/revisions"}],"predecessor-version":[{"id":9590,"href":"https:\/\/www.efiriyad.com\/en\/wp-json\/wp\/v2\/pages\/5936\/revisions\/9590"}],"wp:attachment":[{"href":"https:\/\/www.efiriyad.com\/en\/wp-json\/wp\/v2\/media?parent=5936"}],"curies":[{"name":"wp","href":"https:\/\/api.w.org\/{rel}","templated":true}]}}