{"id":3580,"date":"2024-01-15T07:31:26","date_gmt":"2024-01-15T07:31:26","guid":{"rendered":"https:\/\/www.efiriyad.com\/?page_id=3580"},"modified":"2026-04-06T11:35:09","modified_gmt":"2026-04-06T11:35:09","slug":"procedure-dinscription-2024-2025-3","status":"publish","type":"page","link":"https:\/\/www.efiriyad.com\/en\/procedure-dinscription-2024-2025-3\/","title":{"rendered":"Registration procedure 2026-2027 (3)"},"content":{"rendered":"<div data-elementor-type=\"wp-page\" data-elementor-id=\"3580\" class=\"elementor elementor-3580\" data-elementor-post-type=\"page\">\n\t\t\t\t<div class=\"elementor-element elementor-element-b429180 e-flex e-con-boxed e-con e-parent\" data-id=\"b429180\" data-element_type=\"container\" data-e-type=\"container\">\n\t\t\t\t\t<div class=\"e-con-inner\">\n\t\t\t\t<div class=\"elementor-element elementor-element-2b41737 elementor-widget elementor-widget-text-editor\" data-id=\"2b41737\" data-element_type=\"widget\" data-e-type=\"widget\" data-widget_type=\"text-editor.default\">\n\t\t\t\t\t\t\t\t\t<h5><span style=\"color: #0000ff;\"><strong>VS<\/strong><\/span><span style=\"color: #0000ff;\"><strong>2026-2027 registration campaign<\/strong><\/span><\/h5><h5><span style=\"color: #0000ff;\"><strong>from 29\/03\/26 to 02\/05\/26 midnight<\/strong><\/span><\/h5><p><strong><span style=\"color: #ff0000;\">Your application submission does not in any way guarantee a place for your child.<\/span><\/strong><\/p><p><strong>Step 3- Make the payment online<\/strong><\/p><ul><li>Payment of registration fees must be made <strong>directly online<\/strong> via our secure portal.<\/li><\/ul><table width=\"332\"><tbody><tr><td rowspan=\"3\" width=\"100\"><p><strong>Application fees \u2013 all levels<\/strong><\/p><\/td><td width=\"122\"><p>French<\/p><\/td><td width=\"109\"><p>SAR 1,150<\/p><\/td><\/tr><tr><td width=\"122\"><p>Nationals<\/p><\/td><td width=\"109\"><p>SAR 1,000<\/p><\/td><\/tr><tr><td width=\"122\"><p>Other nationality<\/p><\/td><td width=\"109\"><p>SAR 1,150<\/p><\/td><\/tr><\/tbody><\/table><ul><li><strong>No file will be validated without prior payment.<\/strong> Make sure to complete this step to finalize registration.<\/li><li>Application fees are not refundable even if the establishment is unable to accommodate your child.<\/li><li>Send proof of transfer, specifying the online pre-registration file number and the student&#039;s name to the following email: <a href=\"mailto:frais.scolarite@efiriyad.com\"><strong>scolarite@efiriyad.com<\/strong><\/a><\/li><\/ul>\t\t\t\t\t\t\t\t<\/div>\n\t\t\t\t<div class=\"elementor-element elementor-element-ca9dc86 elementor-widget elementor-widget-button\" data-id=\"ca9dc86\" data-element_type=\"widget\" data-e-type=\"widget\" data-widget_type=\"button.default\">\n\t\t\t\t\t\t\t\t\t\t<a class=\"elementor-button elementor-button-link elementor-size-sm\" href=\"https:\/\/www.efiriyad.com\/en\/procedure-dinscription-2025-2026-4\/\">\n\t\t\t\t\t\t<span class=\"elementor-button-content-wrapper\">\n\t\t\t\t\t\t\t\t\t<span class=\"elementor-button-text\">I have read and am taking the next step<\/span>\n\t\t\t\t\t<\/span>\n\t\t\t\t\t<\/a>\n\t\t\t\t\t\t\t\t<\/div>\n\t\t\t\t\t<\/div>\n\t\t\t\t<\/div>\n\t\t\t\t<\/div>","protected":false},"excerpt":{"rendered":"<p>Campagne d\u2019inscription 2026-2027 du 29\/03\/26 au 02\/05\/26 minuit Votre d\u00e9p\u00f4t\u00a0de dossier ne garantit aucunement une place \u00e0 votre enfant Etape 3- Effectuer le paiement en ligne Le paiement des frais d\u2019inscription doit \u00eatre effectu\u00e9 directement en ligne via notre portail s\u00e9curis\u00e9. Frais de dossier \u2013 tous les niveaux Fran\u00e7ais SAR 1,150 Nationaux SAR 1,000 Autre [&hellip;]<\/p>","protected":false},"author":3,"featured_media":0,"parent":0,"menu_order":0,"comment_status":"closed","ping_status":"closed","template":"","meta":{"footnotes":""},"class_list":["post-3580","page","type-page","status-publish","hentry"],"_links":{"self":[{"href":"https:\/\/www.efiriyad.com\/en\/wp-json\/wp\/v2\/pages\/3580","targetHints":{"allow":["GET"]}}],"collection":[{"href":"https:\/\/www.efiriyad.com\/en\/wp-json\/wp\/v2\/pages"}],"about":[{"href":"https:\/\/www.efiriyad.com\/en\/wp-json\/wp\/v2\/types\/page"}],"author":[{"embeddable":true,"href":"https:\/\/www.efiriyad.com\/en\/wp-json\/wp\/v2\/users\/3"}],"replies":[{"embeddable":true,"href":"https:\/\/www.efiriyad.com\/en\/wp-json\/wp\/v2\/comments?post=3580"}],"version-history":[{"count":3,"href":"https:\/\/www.efiriyad.com\/en\/wp-json\/wp\/v2\/pages\/3580\/revisions"}],"predecessor-version":[{"id":9521,"href":"https:\/\/www.efiriyad.com\/en\/wp-json\/wp\/v2\/pages\/3580\/revisions\/9521"}],"wp:attachment":[{"href":"https:\/\/www.efiriyad.com\/en\/wp-json\/wp\/v2\/media?parent=3580"}],"curies":[{"name":"wp","href":"https:\/\/api.w.org\/{rel}","templated":true}]}}